{"id":1338,"date":"2025-02-10T03:06:30","date_gmt":"2025-02-10T03:06:30","guid":{"rendered":"https:\/\/www.samguard.co\/beispielseite\/"},"modified":"2025-03-05T06:45:15","modified_gmt":"2025-03-05T06:45:15","slug":"beispielseite","status":"publish","type":"page","link":"https:\/\/www.samguard.co\/de\/beispielseite\/","title":{"rendered":"Beispielseite"},"content":{"rendered":"\n<p>Dies ist eine Beispielseite. Es unterscheidet sich von einem Blog-Beitrag, da er an einem Ort bleibt und in Ihrer Website-Navigation (in den meisten Themen) angezeigt wird. Die meisten Menschen beginnen mit einer About-Seite, die sie potenziellen Website-Besuchern vorstellt. Er k\u00f6nnte etwa so lauten:<\/p>\n\n<blockquote class=\"wp-block-quote is-layout-flow wp-block-quote-is-layout-flow\"><p>Hallo! Tags\u00fcber bin ich Fahrradkurier, nachts aufstrebender Schauspieler und das ist meine Website. Ich lebe in Los Angeles, habe einen tollen Hund namens Jack und mag Pi\u00f1a Coladas. (Und vom Regen \u00fcberrascht zu werden.)<\/p><\/blockquote>\n\n<p>&#8230; oder so \u00e4hnlich:<\/p>\n\n<blockquote class=\"wp-block-quote is-layout-flow wp-block-quote-is-layout-flow\"><p>Die Firma XYZ Doohickey wurde 1971 gegr\u00fcndet und bietet seitdem der \u00d6ffentlichkeit hochwertige Doohickeys an. XYZ hat seinen Sitz in Gotham City, besch\u00e4ftigt \u00fcber 2.000 Mitarbeiter und tut alle m\u00f6glichen gro\u00dfartigen Dinge f\u00fcr die Gotham-Community.<\/p><\/blockquote>\n\n<p>Als neuer WordPress-Benutzer sollten Sie zu <a href=\"http:\/\/localhost\/wp-admin\/\">Ihrem Dashboard<\/a> gehen, um diese Seite zu l\u00f6schen und neue Seiten f\u00fcr Ihre Inhalte zu erstellen. Viel Spass!<\/p>\n","protected":false},"excerpt":{"rendered":"<p>Dies ist eine Beispielseite. Es unterscheidet sich von einem Blog-Beitrag, da er an einem Ort bleibt und in Ihrer Website-Navigation (in den meisten Themen) angezeigt wird. Die meisten Menschen beginnen mit einer About-Seite, die sie potenziellen Website-Besuchern vorstellt. Er k\u00f6nnte etwa so lauten: Hallo! Tags\u00fcber bin ich Fahrradkurier, nachts aufstrebender Schauspieler und das ist meine [&hellip;]<\/p>\n","protected":false},"author":1,"featured_media":0,"parent":0,"menu_order":0,"comment_status":"closed","ping_status":"open","template":"","meta":{"_acf_changed":false,"content-type":"","footnotes":""},"industry":[],"location":[],"class_list":["post-1338","page","type-page","status-publish","hentry"],"acf":[],"yoast_head":"<!-- This site is optimized with the Yoast SEO plugin v26.9 - https:\/\/yoast.com\/product\/yoast-seo-wordpress\/ -->\n<title>Beispielseite - SAM GUARD<\/title>\n<meta name=\"robots\" content=\"index, follow, max-snippet:-1, max-image-preview:large, max-video-preview:-1\" \/>\n<link rel=\"canonical\" href=\"https:\/\/www.samguard.co\/de\/beispielseite\/\" \/>\n<meta property=\"og:locale\" content=\"de_DE\" \/>\n<meta property=\"og:type\" content=\"article\" \/>\n<meta property=\"og:title\" content=\"Beispielseite - SAM GUARD\" \/>\n<meta property=\"og:description\" content=\"Dies ist eine Beispielseite. Es unterscheidet sich von einem Blog-Beitrag, da er an einem Ort bleibt und in Ihrer Website-Navigation (in den meisten Themen) angezeigt wird. Die meisten Menschen beginnen mit einer About-Seite, die sie potenziellen Website-Besuchern vorstellt. Er k\u00f6nnte etwa so lauten: Hallo! Tags\u00fcber bin ich Fahrradkurier, nachts aufstrebender Schauspieler und das ist meine [&hellip;]\" \/>\n<meta property=\"og:url\" content=\"https:\/\/www.samguard.co\/de\/beispielseite\/\" \/>\n<meta property=\"og:site_name\" content=\"SAM GUARD\" \/>\n<meta property=\"article:modified_time\" content=\"2025-03-05T06:45:15+00:00\" \/>\n<meta name=\"twitter:card\" content=\"summary_large_image\" \/>\n<meta name=\"twitter:label1\" content=\"Gesch\u00e4tzte Lesezeit\" \/>\n\t<meta name=\"twitter:data1\" content=\"1\u00a0Minute\" \/>\n<script type=\"application\/ld+json\" class=\"yoast-schema-graph\">{\"@context\":\"https:\/\/schema.org\",\"@graph\":[{\"@type\":\"WebPage\",\"@id\":\"https:\/\/www.samguard.co\/de\/beispielseite\/\",\"url\":\"https:\/\/www.samguard.co\/de\/beispielseite\/\",\"name\":\"Beispielseite - SAM GUARD\",\"isPartOf\":{\"@id\":\"https:\/\/www.samguard.co\/zh-hant\/#website\"},\"datePublished\":\"2025-02-10T03:06:30+00:00\",\"dateModified\":\"2025-03-05T06:45:15+00:00\",\"breadcrumb\":{\"@id\":\"https:\/\/www.samguard.co\/de\/beispielseite\/#breadcrumb\"},\"inLanguage\":\"de\",\"potentialAction\":[{\"@type\":\"ReadAction\",\"target\":[\"https:\/\/www.samguard.co\/de\/beispielseite\/\"]}]},{\"@type\":\"BreadcrumbList\",\"@id\":\"https:\/\/www.samguard.co\/de\/beispielseite\/#breadcrumb\",\"itemListElement\":[{\"@type\":\"ListItem\",\"position\":1,\"name\":\"Home\",\"item\":\"https:\/\/www.samguard.co\/de\/homepage\/\"},{\"@type\":\"ListItem\",\"position\":2,\"name\":\"Beispielseite\"}]},{\"@type\":\"WebSite\",\"@id\":\"https:\/\/www.samguard.co\/zh-hant\/#website\",\"url\":\"https:\/\/www.samguard.co\/zh-hant\/\",\"name\":\"SAM GUARD\",\"description\":\"\",\"publisher\":{\"@id\":\"https:\/\/www.samguard.co\/zh-hant\/#organization\"},\"potentialAction\":[{\"@type\":\"SearchAction\",\"target\":{\"@type\":\"EntryPoint\",\"urlTemplate\":\"https:\/\/www.samguard.co\/zh-hant\/?s={search_term_string}\"},\"query-input\":{\"@type\":\"PropertyValueSpecification\",\"valueRequired\":true,\"valueName\":\"search_term_string\"}}],\"inLanguage\":\"de\"},{\"@type\":\"Organization\",\"@id\":\"https:\/\/www.samguard.co\/zh-hant\/#organization\",\"name\":\"SAM GUARD\",\"url\":\"https:\/\/www.samguard.co\/zh-hant\/\",\"logo\":{\"@type\":\"ImageObject\",\"inLanguage\":\"de\",\"@id\":\"https:\/\/www.samguard.co\/zh-hant\/#\/schema\/logo\/image\/\",\"url\":\"https:\/\/www.samguard.co\/wp-content\/uploads\/2025\/04\/cropped-Samguard-logo_black_300dpi.png\",\"contentUrl\":\"https:\/\/www.samguard.co\/wp-content\/uploads\/2025\/04\/cropped-Samguard-logo_black_300dpi.png\",\"width\":828,\"height\":468,\"caption\":\"SAM GUARD\"},\"image\":{\"@id\":\"https:\/\/www.samguard.co\/zh-hant\/#\/schema\/logo\/image\/\"}}]}<\/script>\n<!-- \/ Yoast SEO plugin. -->","yoast_head_json":{"title":"Beispielseite - SAM GUARD","robots":{"index":"index","follow":"follow","max-snippet":"max-snippet:-1","max-image-preview":"max-image-preview:large","max-video-preview":"max-video-preview:-1"},"canonical":"https:\/\/www.samguard.co\/de\/beispielseite\/","og_locale":"de_DE","og_type":"article","og_title":"Beispielseite - SAM GUARD","og_description":"Dies ist eine Beispielseite. Es unterscheidet sich von einem Blog-Beitrag, da er an einem Ort bleibt und in Ihrer Website-Navigation (in den meisten Themen) angezeigt wird. Die meisten Menschen beginnen mit einer About-Seite, die sie potenziellen Website-Besuchern vorstellt. Er k\u00f6nnte etwa so lauten: Hallo! Tags\u00fcber bin ich Fahrradkurier, nachts aufstrebender Schauspieler und das ist meine [&hellip;]","og_url":"https:\/\/www.samguard.co\/de\/beispielseite\/","og_site_name":"SAM GUARD","article_modified_time":"2025-03-05T06:45:15+00:00","twitter_card":"summary_large_image","twitter_misc":{"Gesch\u00e4tzte Lesezeit":"1\u00a0Minute"},"schema":{"@context":"https:\/\/schema.org","@graph":[{"@type":"WebPage","@id":"https:\/\/www.samguard.co\/de\/beispielseite\/","url":"https:\/\/www.samguard.co\/de\/beispielseite\/","name":"Beispielseite - SAM GUARD","isPartOf":{"@id":"https:\/\/www.samguard.co\/zh-hant\/#website"},"datePublished":"2025-02-10T03:06:30+00:00","dateModified":"2025-03-05T06:45:15+00:00","breadcrumb":{"@id":"https:\/\/www.samguard.co\/de\/beispielseite\/#breadcrumb"},"inLanguage":"de","potentialAction":[{"@type":"ReadAction","target":["https:\/\/www.samguard.co\/de\/beispielseite\/"]}]},{"@type":"BreadcrumbList","@id":"https:\/\/www.samguard.co\/de\/beispielseite\/#breadcrumb","itemListElement":[{"@type":"ListItem","position":1,"name":"Home","item":"https:\/\/www.samguard.co\/de\/homepage\/"},{"@type":"ListItem","position":2,"name":"Beispielseite"}]},{"@type":"WebSite","@id":"https:\/\/www.samguard.co\/zh-hant\/#website","url":"https:\/\/www.samguard.co\/zh-hant\/","name":"SAM GUARD","description":"","publisher":{"@id":"https:\/\/www.samguard.co\/zh-hant\/#organization"},"potentialAction":[{"@type":"SearchAction","target":{"@type":"EntryPoint","urlTemplate":"https:\/\/www.samguard.co\/zh-hant\/?s={search_term_string}"},"query-input":{"@type":"PropertyValueSpecification","valueRequired":true,"valueName":"search_term_string"}}],"inLanguage":"de"},{"@type":"Organization","@id":"https:\/\/www.samguard.co\/zh-hant\/#organization","name":"SAM GUARD","url":"https:\/\/www.samguard.co\/zh-hant\/","logo":{"@type":"ImageObject","inLanguage":"de","@id":"https:\/\/www.samguard.co\/zh-hant\/#\/schema\/logo\/image\/","url":"https:\/\/www.samguard.co\/wp-content\/uploads\/2025\/04\/cropped-Samguard-logo_black_300dpi.png","contentUrl":"https:\/\/www.samguard.co\/wp-content\/uploads\/2025\/04\/cropped-Samguard-logo_black_300dpi.png","width":828,"height":468,"caption":"SAM GUARD"},"image":{"@id":"https:\/\/www.samguard.co\/zh-hant\/#\/schema\/logo\/image\/"}}]}},"_links":{"self":[{"href":"https:\/\/www.samguard.co\/de\/wp-json\/wp\/v2\/pages\/1338","targetHints":{"allow":["GET"]}}],"collection":[{"href":"https:\/\/www.samguard.co\/de\/wp-json\/wp\/v2\/pages"}],"about":[{"href":"https:\/\/www.samguard.co\/de\/wp-json\/wp\/v2\/types\/page"}],"author":[{"embeddable":true,"href":"https:\/\/www.samguard.co\/de\/wp-json\/wp\/v2\/users\/1"}],"replies":[{"embeddable":true,"href":"https:\/\/www.samguard.co\/de\/wp-json\/wp\/v2\/comments?post=1338"}],"version-history":[{"count":1,"href":"https:\/\/www.samguard.co\/de\/wp-json\/wp\/v2\/pages\/1338\/revisions"}],"predecessor-version":[{"id":1339,"href":"https:\/\/www.samguard.co\/de\/wp-json\/wp\/v2\/pages\/1338\/revisions\/1339"}],"wp:attachment":[{"href":"https:\/\/www.samguard.co\/de\/wp-json\/wp\/v2\/media?parent=1338"}],"wp:term":[{"taxonomy":"industry","embeddable":true,"href":"https:\/\/www.samguard.co\/de\/wp-json\/wp\/v2\/industry?post=1338"},{"taxonomy":"location","embeddable":true,"href":"https:\/\/www.samguard.co\/de\/wp-json\/wp\/v2\/location?post=1338"}],"curies":[{"name":"wp","href":"https:\/\/api.w.org\/{rel}","templated":true}]}}