{"id":1332,"date":"2025-02-10T03:06:30","date_gmt":"2025-02-10T03:06:30","guid":{"rendered":"https:\/\/www.samguard.co\/pagina-de-amostra\/"},"modified":"2025-03-05T06:45:15","modified_gmt":"2025-03-05T06:45:15","slug":"pagina-de-amostra","status":"publish","type":"page","link":"https:\/\/www.samguard.co\/pt-br\/pagina-de-amostra\/","title":{"rendered":"P\u00e1gina de amostra"},"content":{"rendered":"\n<p>Esta \u00e9 uma p\u00e1gina de exemplo. \u00c9 diferente de uma postagem de blog porque permanecer\u00e1 em um s\u00f3 lugar e aparecer\u00e1 na navega\u00e7\u00e3o do seu site (na maioria dos temas). A maioria das pessoas come\u00e7a com uma p\u00e1gina Sobre que as apresenta a potenciais visitantes do site. Pode dizer algo assim:<\/p>\n\n<blockquote class=\"wp-block-quote is-layout-flow wp-block-quote-is-layout-flow\"><p>Oi! Sou mensageiro de bicicleta durante o dia, aspirante a ator \u00e0 noite, e este \u00e9 o meu site. Eu moro em Los Angeles, tenho um \u00f3timo cachorro chamado Jack e gosto de pi\u00f1a coladas. (E sendo pego na chuva.)<\/p><\/blockquote>\n\n<p>&#8230; ou algo assim:<\/p>\n\n<blockquote class=\"wp-block-quote is-layout-flow wp-block-quote-is-layout-flow\"><p>A XYZ Doohickey Company foi fundada em 1971 e fornece doohickeys de qualidade ao p\u00fablico desde ent\u00e3o. Localizada em Gotham City, a XYZ emprega mais de 2.000 pessoas e faz todos os tipos de coisas incr\u00edveis para a comunidade de Gotham.<\/p><\/blockquote>\n\n<p>Como um novo usu\u00e1rio do WordPress, voc\u00ea deve acessar <a href=\"http:\/\/localhost\/wp-admin\/\">seu painel<\/a> para excluir esta p\u00e1gina e criar novas p\u00e1ginas para seu conte\u00fado. Divertir-se!<\/p>\n","protected":false},"excerpt":{"rendered":"<p>Esta \u00e9 uma p\u00e1gina de exemplo. \u00c9 diferente de uma postagem de blog porque permanecer\u00e1 em um s\u00f3 lugar e aparecer\u00e1 na navega\u00e7\u00e3o do seu site (na maioria dos temas). A maioria das pessoas come\u00e7a com uma p\u00e1gina Sobre que as apresenta a potenciais visitantes do site. Pode dizer algo assim: Oi! Sou mensageiro de [&hellip;]<\/p>\n","protected":false},"author":1,"featured_media":0,"parent":0,"menu_order":0,"comment_status":"closed","ping_status":"open","template":"","meta":{"_acf_changed":false,"content-type":"","footnotes":""},"industry":[],"location":[],"class_list":["post-1332","page","type-page","status-publish","hentry"],"acf":[],"yoast_head":"<!-- This site is optimized with the Yoast SEO plugin v26.9 - https:\/\/yoast.com\/product\/yoast-seo-wordpress\/ -->\n<title>P\u00e1gina de amostra - SAM GUARD<\/title>\n<meta name=\"robots\" content=\"index, follow, max-snippet:-1, max-image-preview:large, max-video-preview:-1\" \/>\n<link rel=\"canonical\" href=\"https:\/\/www.samguard.co\/pt-br\/pagina-de-amostra\/\" \/>\n<meta property=\"og:locale\" content=\"pt_BR\" \/>\n<meta property=\"og:type\" content=\"article\" \/>\n<meta property=\"og:title\" content=\"P\u00e1gina de amostra - SAM GUARD\" \/>\n<meta property=\"og:description\" content=\"Esta \u00e9 uma p\u00e1gina de exemplo. \u00c9 diferente de uma postagem de blog porque permanecer\u00e1 em um s\u00f3 lugar e aparecer\u00e1 na navega\u00e7\u00e3o do seu site (na maioria dos temas). A maioria das pessoas come\u00e7a com uma p\u00e1gina Sobre que as apresenta a potenciais visitantes do site. Pode dizer algo assim: Oi! Sou mensageiro de [&hellip;]\" \/>\n<meta property=\"og:url\" content=\"https:\/\/www.samguard.co\/pt-br\/pagina-de-amostra\/\" \/>\n<meta property=\"og:site_name\" content=\"SAM GUARD\" \/>\n<meta property=\"article:modified_time\" content=\"2025-03-05T06:45:15+00:00\" \/>\n<meta name=\"twitter:card\" content=\"summary_large_image\" \/>\n<meta name=\"twitter:label1\" content=\"Est. tempo de leitura\" \/>\n\t<meta name=\"twitter:data1\" content=\"1 minuto\" \/>\n<script type=\"application\/ld+json\" class=\"yoast-schema-graph\">{\"@context\":\"https:\/\/schema.org\",\"@graph\":[{\"@type\":\"WebPage\",\"@id\":\"https:\/\/www.samguard.co\/pt-br\/pagina-de-amostra\/\",\"url\":\"https:\/\/www.samguard.co\/pt-br\/pagina-de-amostra\/\",\"name\":\"P\u00e1gina de amostra - SAM GUARD\",\"isPartOf\":{\"@id\":\"https:\/\/www.samguard.co\/zh-hant\/#website\"},\"datePublished\":\"2025-02-10T03:06:30+00:00\",\"dateModified\":\"2025-03-05T06:45:15+00:00\",\"breadcrumb\":{\"@id\":\"https:\/\/www.samguard.co\/pt-br\/pagina-de-amostra\/#breadcrumb\"},\"inLanguage\":\"pt-BR\",\"potentialAction\":[{\"@type\":\"ReadAction\",\"target\":[\"https:\/\/www.samguard.co\/pt-br\/pagina-de-amostra\/\"]}]},{\"@type\":\"BreadcrumbList\",\"@id\":\"https:\/\/www.samguard.co\/pt-br\/pagina-de-amostra\/#breadcrumb\",\"itemListElement\":[{\"@type\":\"ListItem\",\"position\":1,\"name\":\"Home\",\"item\":\"https:\/\/www.samguard.co\/pt-br\/pagina-inicial\/\"},{\"@type\":\"ListItem\",\"position\":2,\"name\":\"P\u00e1gina de amostra\"}]},{\"@type\":\"WebSite\",\"@id\":\"https:\/\/www.samguard.co\/zh-hant\/#website\",\"url\":\"https:\/\/www.samguard.co\/zh-hant\/\",\"name\":\"SAM GUARD\",\"description\":\"\",\"publisher\":{\"@id\":\"https:\/\/www.samguard.co\/zh-hant\/#organization\"},\"potentialAction\":[{\"@type\":\"SearchAction\",\"target\":{\"@type\":\"EntryPoint\",\"urlTemplate\":\"https:\/\/www.samguard.co\/zh-hant\/?s={search_term_string}\"},\"query-input\":{\"@type\":\"PropertyValueSpecification\",\"valueRequired\":true,\"valueName\":\"search_term_string\"}}],\"inLanguage\":\"pt-BR\"},{\"@type\":\"Organization\",\"@id\":\"https:\/\/www.samguard.co\/zh-hant\/#organization\",\"name\":\"SAM GUARD\",\"url\":\"https:\/\/www.samguard.co\/zh-hant\/\",\"logo\":{\"@type\":\"ImageObject\",\"inLanguage\":\"pt-BR\",\"@id\":\"https:\/\/www.samguard.co\/zh-hant\/#\/schema\/logo\/image\/\",\"url\":\"https:\/\/www.samguard.co\/wp-content\/uploads\/2025\/04\/cropped-Samguard-logo_black_300dpi.png\",\"contentUrl\":\"https:\/\/www.samguard.co\/wp-content\/uploads\/2025\/04\/cropped-Samguard-logo_black_300dpi.png\",\"width\":828,\"height\":468,\"caption\":\"SAM GUARD\"},\"image\":{\"@id\":\"https:\/\/www.samguard.co\/zh-hant\/#\/schema\/logo\/image\/\"}}]}<\/script>\n<!-- \/ Yoast SEO plugin. -->","yoast_head_json":{"title":"P\u00e1gina de amostra - SAM GUARD","robots":{"index":"index","follow":"follow","max-snippet":"max-snippet:-1","max-image-preview":"max-image-preview:large","max-video-preview":"max-video-preview:-1"},"canonical":"https:\/\/www.samguard.co\/pt-br\/pagina-de-amostra\/","og_locale":"pt_BR","og_type":"article","og_title":"P\u00e1gina de amostra - SAM GUARD","og_description":"Esta \u00e9 uma p\u00e1gina de exemplo. \u00c9 diferente de uma postagem de blog porque permanecer\u00e1 em um s\u00f3 lugar e aparecer\u00e1 na navega\u00e7\u00e3o do seu site (na maioria dos temas). A maioria das pessoas come\u00e7a com uma p\u00e1gina Sobre que as apresenta a potenciais visitantes do site. Pode dizer algo assim: Oi! Sou mensageiro de [&hellip;]","og_url":"https:\/\/www.samguard.co\/pt-br\/pagina-de-amostra\/","og_site_name":"SAM GUARD","article_modified_time":"2025-03-05T06:45:15+00:00","twitter_card":"summary_large_image","twitter_misc":{"Est. tempo de leitura":"1 minuto"},"schema":{"@context":"https:\/\/schema.org","@graph":[{"@type":"WebPage","@id":"https:\/\/www.samguard.co\/pt-br\/pagina-de-amostra\/","url":"https:\/\/www.samguard.co\/pt-br\/pagina-de-amostra\/","name":"P\u00e1gina de amostra - SAM GUARD","isPartOf":{"@id":"https:\/\/www.samguard.co\/zh-hant\/#website"},"datePublished":"2025-02-10T03:06:30+00:00","dateModified":"2025-03-05T06:45:15+00:00","breadcrumb":{"@id":"https:\/\/www.samguard.co\/pt-br\/pagina-de-amostra\/#breadcrumb"},"inLanguage":"pt-BR","potentialAction":[{"@type":"ReadAction","target":["https:\/\/www.samguard.co\/pt-br\/pagina-de-amostra\/"]}]},{"@type":"BreadcrumbList","@id":"https:\/\/www.samguard.co\/pt-br\/pagina-de-amostra\/#breadcrumb","itemListElement":[{"@type":"ListItem","position":1,"name":"Home","item":"https:\/\/www.samguard.co\/pt-br\/pagina-inicial\/"},{"@type":"ListItem","position":2,"name":"P\u00e1gina de amostra"}]},{"@type":"WebSite","@id":"https:\/\/www.samguard.co\/zh-hant\/#website","url":"https:\/\/www.samguard.co\/zh-hant\/","name":"SAM GUARD","description":"","publisher":{"@id":"https:\/\/www.samguard.co\/zh-hant\/#organization"},"potentialAction":[{"@type":"SearchAction","target":{"@type":"EntryPoint","urlTemplate":"https:\/\/www.samguard.co\/zh-hant\/?s={search_term_string}"},"query-input":{"@type":"PropertyValueSpecification","valueRequired":true,"valueName":"search_term_string"}}],"inLanguage":"pt-BR"},{"@type":"Organization","@id":"https:\/\/www.samguard.co\/zh-hant\/#organization","name":"SAM GUARD","url":"https:\/\/www.samguard.co\/zh-hant\/","logo":{"@type":"ImageObject","inLanguage":"pt-BR","@id":"https:\/\/www.samguard.co\/zh-hant\/#\/schema\/logo\/image\/","url":"https:\/\/www.samguard.co\/wp-content\/uploads\/2025\/04\/cropped-Samguard-logo_black_300dpi.png","contentUrl":"https:\/\/www.samguard.co\/wp-content\/uploads\/2025\/04\/cropped-Samguard-logo_black_300dpi.png","width":828,"height":468,"caption":"SAM GUARD"},"image":{"@id":"https:\/\/www.samguard.co\/zh-hant\/#\/schema\/logo\/image\/"}}]}},"_links":{"self":[{"href":"https:\/\/www.samguard.co\/pt-br\/wp-json\/wp\/v2\/pages\/1332","targetHints":{"allow":["GET"]}}],"collection":[{"href":"https:\/\/www.samguard.co\/pt-br\/wp-json\/wp\/v2\/pages"}],"about":[{"href":"https:\/\/www.samguard.co\/pt-br\/wp-json\/wp\/v2\/types\/page"}],"author":[{"embeddable":true,"href":"https:\/\/www.samguard.co\/pt-br\/wp-json\/wp\/v2\/users\/1"}],"replies":[{"embeddable":true,"href":"https:\/\/www.samguard.co\/pt-br\/wp-json\/wp\/v2\/comments?post=1332"}],"version-history":[{"count":1,"href":"https:\/\/www.samguard.co\/pt-br\/wp-json\/wp\/v2\/pages\/1332\/revisions"}],"predecessor-version":[{"id":1333,"href":"https:\/\/www.samguard.co\/pt-br\/wp-json\/wp\/v2\/pages\/1332\/revisions\/1333"}],"wp:attachment":[{"href":"https:\/\/www.samguard.co\/pt-br\/wp-json\/wp\/v2\/media?parent=1332"}],"wp:term":[{"taxonomy":"industry","embeddable":true,"href":"https:\/\/www.samguard.co\/pt-br\/wp-json\/wp\/v2\/industry?post=1332"},{"taxonomy":"location","embeddable":true,"href":"https:\/\/www.samguard.co\/pt-br\/wp-json\/wp\/v2\/location?post=1332"}],"curies":[{"name":"wp","href":"https:\/\/api.w.org\/{rel}","templated":true}]}}